{"id":1651,"date":"2023-03-06T11:16:42","date_gmt":"2023-03-06T11:16:42","guid":{"rendered":"https:\/\/www.ferreteriavert.es\/politica-de-cookies\/"},"modified":"2024-03-25T15:29:47","modified_gmt":"2024-03-25T15:29:47","slug":"politica-de-cookies","status":"publish","type":"page","link":"https:\/\/ferreteriavert.es\/es\/politica-de-cookies\/","title":{"rendered":"Pol\u00edtica de cookies"},"content":{"rendered":"<div class=\"fusion-fullwidth fullwidth-box fusion-builder-row-1 fusion-flex-container has-pattern-background has-mask-background nonhundred-percent-fullwidth non-hundred-percent-height-scrolling\" style=\"--awb-border-radius-top-left:0px;--awb-border-radius-top-right:0px;--awb-border-radius-bottom-right:0px;--awb-border-radius-bottom-left:0px;--awb-flex-wrap:wrap;\" ><div class=\"fusion-builder-row fusion-row fusion-flex-align-items-flex-start fusion-flex-content-wrap\" style=\"max-width:1424.8px;margin-left: calc(-4% \/ 2 );margin-right: calc(-4% \/ 2 );\"><div class=\"fusion-layout-column fusion_builder_column fusion-builder-column-0 fusion_builder_column_1_1 1_1 fusion-flex-column\" style=\"--awb-bg-size:cover;--awb-width-large:100%;--awb-margin-top-large:0px;--awb-spacing-right-large:1.92%;--awb-margin-bottom-large:20px;--awb-spacing-left-large:1.92%;--awb-width-medium:100%;--awb-order-medium:0;--awb-spacing-right-medium:1.92%;--awb-spacing-left-medium:1.92%;--awb-width-small:100%;--awb-order-small:0;--awb-spacing-right-small:1.92%;--awb-spacing-left-small:1.92%;\"><div class=\"fusion-column-wrapper fusion-column-has-shadow fusion-flex-justify-content-flex-start fusion-content-layout-column\"><div class=\"fusion-title title fusion-title-1 fusion-sep-none fusion-title-text fusion-title-size-one\"><h1 class=\"fusion-title-heading title-heading-left\" style=\"margin:0;\">Pol\u00edtica de cookies<\/h1><\/div><div class=\"fusion-text fusion-text-1\"><p>1. Definici\u00f3n y funci\u00f3n de las cookies<\/p>\n<p>\u00bfQu\u00e9 son las cookies? Una cookie es un archivo que se descarga en su ordenador al acceder a determinadas p\u00e1ginas web. Las cookies permiten a una p\u00e1gina web, entre otras cosas, almacenar y recuperar informaci\u00f3n sobre los h\u00e1bitos de navegaci\u00f3n de un usuario o de su equipo y, dependiendo de la informaci\u00f3n que contengan y de la forma en que utilice su equipo, pueden utilizar cese para reconocer al usuario.<\/p>\n<p>2. \u00bfQu\u00e9 tipos de cookies utiliza esta p\u00e1gina web?<\/p>\n<p>Cookies propias: Son aquellas que se env\u00edan al equipo terminal del usuario desde un equipo o dominio gestionado por el propio editor y desde el que se presta el servicio solicitado por el usuario.<br \/>\nCookies de sesi\u00f3n: Son un tipo de cookies dise\u00f1adas para recabar y almacenar datos mientras el usuario accede a una p\u00e1gina web.<br \/>\nCookies persistentes: Son un tipo de cookies en el que los datos siguen almacenados en el terminal y pueden ser accedidos y tratados durante un per\u00edodo definido por el responsable de la cookie, y que puede ir de unos minutos a varios a\u00f1os<br \/>\nCookies de an\u00e1lisis: Son aquellas que bien tratadas por nosotros o por terceros, nos permiten cuantificar el n\u00famero de usuarios y as\u00ed realizar la medici\u00f3n y an\u00e1lisis estad\u00edstico de la utilizaci\u00f3n que realizan los usuarios del servicio ofrecido.<\/p>\n<p>3. Revocaci\u00f3n y eliminaci\u00f3n de cookies<\/p>\n<p>Usted puede permitir, bloquear o eliminar las cookies instaladas en su equipo mediante la configuraci\u00f3n de las opciones del navegador instalado en su ordenador, en caso de que no permita la instalaci\u00f3n de cookies en su navegador es posible que no pueda acceder a alguna de las secciones de nuestra web.<\/p>\n<p>M\u00e1s informaci\u00f3n sobre c\u00f3mo administrar las cookies en Google Chrome<\/p>\n<p>M\u00e1s informaci\u00f3n sobre c\u00f3mo administrar las cookies en Internet Explorer<\/p>\n<p>M\u00e1s informaci\u00f3n sobre c\u00f3mo administrar las cookies en Mozilla Firefox<\/p>\n<p>M\u00e1s informaci\u00f3n sobre c\u00f3mo administrar las cookies en Safari<\/p>\n<p>M\u00e1s informaci\u00f3n sobre c\u00f3mo administrar las cookies en \u00d3pera<\/p>\n<p>4. Consentimiento<\/p>\n<p>Al navegar y continuar en nuestra web nos indicas que est\u00e1s consintiendo el uso de las cookies enunciadas en el siguiente apartado, y en las condiciones contenidas en la presente Pol\u00edtica de Cookies.<\/p>\n<p>5. Listado de cookies<\/p>\n<\/div><div class=\"fusion-text fusion-text-2\"><table style=\"border-collapse: collapse;\" width=\"100%\">\n<thead>\n<tr>\n<th><strong>Cookie<\/strong><\/th>\n<th><strong>Proveedor<\/strong><\/th>\n<th><strong>Finalidad<\/strong><\/th>\n<th><strong>Caducidad<\/strong><\/th>\n<th><strong>Tipo<\/strong><\/th>\n<\/tr>\n<\/thead>\n<tbody>\n<tr>\n<td>_gid<\/td>\n<td>Google Analytics<\/td>\n<td>Se usa para distinguir a los usuarios<\/td>\n<td>24 horas<\/td>\n<td>Propia<\/td>\n<\/tr>\n<tr>\n<td>_ga<\/td>\n<td>Google Analytics<\/td>\n<td>Habilita la funci\u00f3n de control de visitas \u00fanicas. La primera vez que un usuario entre en la web de fenixdirecto.com por un navegador se instalar\u00e1 esta cookie. Cuando este usuario vuelva a entrar en nuestra web como el mismo navegador, la cookie considerar\u00e1 que es el mismo usuario. Solo en caso de que el usuario cambie de navegador, Google Analytics lo considerar\u00e1 como otro usuario<\/td>\n<td>2 a\u00f1os<\/td>\n<td>Propia<\/td>\n<\/tr>\n<tr>\n<td>_gat_gtag_UA_XXXXXXX_XX<\/td>\n<td>Google Analytics<\/td>\n<td>Cookie utilizada por Google Analytics para recopilar datos de tr\u00e1fico an\u00f3nimos. Contienen un \u00fanico ID del visitante, tiempo e informaci\u00f3n sobre la visita, incluyendo referencias. Las datos reales de la visita se registran en el servidor de Google. Google ofrece informes que ayudan a analizar c\u00f3mo los visitantes usan los sitios web y en los que se hace referencia desde, la experiencia del usuario a medir el impacto de la optimizaci\u00f3n de motores de b\u00fasqueda y publicidad<\/td>\n<td>10 min<\/td>\n<td>Propia<\/td>\n<\/tr>\n<tr>\n<td>wp-settings-1<\/td>\n<td>WordPress<\/td>\n<td>Utilizada por WordPress para personalizar la interfaz de usuario<\/td>\n<td>1 a\u00f1o<\/td>\n<td>Propia<\/td>\n<\/tr>\n<tr>\n<td>fusionredux_current_tab<\/td>\n<td>Avada<\/td>\n<td>Cookie para mejorar la navegaci\u00f3n en la web<\/td>\n<td>3 d\u00edas<\/td>\n<td>Propia<\/td>\n<\/tr>\n<tr>\n<td>wordpress_test_cookie<\/td>\n<td>WordPress<\/td>\n<td>Cookie para que el gestor de contenidos WordPress compruebe si el navegador tiene las cookies activadas<\/td>\n<td>Sesi\u00f3n<\/td>\n<td>Propia<\/td>\n<\/tr>\n<tr>\n<td>PHPSESSID<\/td>\n<td>PHP<\/td>\n<td>Esta cookie es usada por el lenguaje de encriptado PHP para permitir que las variables de SESI\u00d3N sean guardadas en el servidor web. Esta cookie es esencial para el funcionamiento de la web<\/td>\n<td>Sesi\u00f3n<\/td>\n<td>Propia<\/td>\n<\/tr>\n<\/tbody>\n<\/table>\n<\/div><\/div><\/div><\/div><\/div>\n","protected":false},"excerpt":{"rendered":"","protected":false},"author":1,"featured_media":0,"parent":0,"menu_order":0,"comment_status":"closed","ping_status":"closed","template":"","meta":{"footnotes":""},"class_list":["post-1651","page","type-page","status-publish","hentry"],"yoast_head":"<!-- This site is optimized with the Yoast SEO plugin v26.9 - https:\/\/yoast.com\/product\/yoast-seo-wordpress\/ -->\n<title>Pol\u00edtica de cookies - Ferreter\u00eda Vert<\/title>\n<meta name=\"robots\" content=\"index, follow, max-snippet:-1, max-image-preview:large, max-video-preview:-1\" \/>\n<link rel=\"canonical\" href=\"https:\/\/ferreteriavert.es\/es\/politica-de-cookies\/\" \/>\n<meta property=\"og:locale\" content=\"es_ES\" \/>\n<meta property=\"og:type\" content=\"article\" \/>\n<meta property=\"og:title\" content=\"Pol\u00edtica de cookies - Ferreter\u00eda Vert\" \/>\n<meta property=\"og:url\" content=\"https:\/\/ferreteriavert.es\/es\/politica-de-cookies\/\" \/>\n<meta property=\"og:site_name\" content=\"Ferreter\u00eda Vert\" \/>\n<meta property=\"article:modified_time\" content=\"2024-03-25T15:29:47+00:00\" \/>\n<meta name=\"twitter:card\" content=\"summary_large_image\" \/>\n<meta name=\"twitter:label1\" content=\"Tiempo de lectura\" \/>\n\t<meta name=\"twitter:data1\" content=\"7 minutos\" \/>\n<script type=\"application\/ld+json\" class=\"yoast-schema-graph\">{\"@context\":\"https:\/\/schema.org\",\"@graph\":[{\"@type\":\"WebPage\",\"@id\":\"https:\/\/ferreteriavert.es\/es\/politica-de-cookies\/\",\"url\":\"https:\/\/ferreteriavert.es\/es\/politica-de-cookies\/\",\"name\":\"Pol\u00edtica de cookies - Ferreter\u00eda Vert\",\"isPartOf\":{\"@id\":\"https:\/\/ferreteriavert.es\/es\/#website\"},\"datePublished\":\"2023-03-06T11:16:42+00:00\",\"dateModified\":\"2024-03-25T15:29:47+00:00\",\"breadcrumb\":{\"@id\":\"https:\/\/ferreteriavert.es\/es\/politica-de-cookies\/#breadcrumb\"},\"inLanguage\":\"es\",\"potentialAction\":[{\"@type\":\"ReadAction\",\"target\":[\"https:\/\/ferreteriavert.es\/es\/politica-de-cookies\/\"]}]},{\"@type\":\"BreadcrumbList\",\"@id\":\"https:\/\/ferreteriavert.es\/es\/politica-de-cookies\/#breadcrumb\",\"itemListElement\":[{\"@type\":\"ListItem\",\"position\":1,\"name\":\"Portada\",\"item\":\"https:\/\/ferreteriavert.es\/es\/inicio\/\"},{\"@type\":\"ListItem\",\"position\":2,\"name\":\"Pol\u00edtica de cookies\"}]},{\"@type\":\"WebSite\",\"@id\":\"https:\/\/ferreteriavert.es\/es\/#website\",\"url\":\"https:\/\/ferreteriavert.es\/es\/\",\"name\":\"Ferreter\u00eda Vert\",\"description\":\"Herramientas y maquinaria en Barcelona\",\"publisher\":{\"@id\":\"https:\/\/ferreteriavert.es\/es\/#organization\"},\"potentialAction\":[{\"@type\":\"SearchAction\",\"target\":{\"@type\":\"EntryPoint\",\"urlTemplate\":\"https:\/\/ferreteriavert.es\/es\/?s={search_term_string}\"},\"query-input\":{\"@type\":\"PropertyValueSpecification\",\"valueRequired\":true,\"valueName\":\"search_term_string\"}}],\"inLanguage\":\"es\"},{\"@type\":\"Organization\",\"@id\":\"https:\/\/ferreteriavert.es\/es\/#organization\",\"name\":\"Ferreter\u00eda Vert\",\"alternateName\":\"Vert\",\"url\":\"https:\/\/ferreteriavert.es\/es\/\",\"logo\":{\"@type\":\"ImageObject\",\"inLanguage\":\"es\",\"@id\":\"https:\/\/ferreteriavert.es\/es\/#\/schema\/logo\/image\/\",\"url\":\"https:\/\/ferreteriavert.es\/wp-content\/uploads\/2023\/03\/cropped-favicon-1.png\",\"contentUrl\":\"https:\/\/ferreteriavert.es\/wp-content\/uploads\/2023\/03\/cropped-favicon-1.png\",\"width\":512,\"height\":512,\"caption\":\"Ferreter\u00eda Vert\"},\"image\":{\"@id\":\"https:\/\/ferreteriavert.es\/es\/#\/schema\/logo\/image\/\"},\"sameAs\":[\"https:\/\/www.instagram.com\/ferreteriavert\/\"]}]}<\/script>\n<!-- \/ Yoast SEO plugin. -->","yoast_head_json":{"title":"Pol\u00edtica de cookies - Ferreter\u00eda Vert","robots":{"index":"index","follow":"follow","max-snippet":"max-snippet:-1","max-image-preview":"max-image-preview:large","max-video-preview":"max-video-preview:-1"},"canonical":"https:\/\/ferreteriavert.es\/es\/politica-de-cookies\/","og_locale":"es_ES","og_type":"article","og_title":"Pol\u00edtica de cookies - Ferreter\u00eda Vert","og_url":"https:\/\/ferreteriavert.es\/es\/politica-de-cookies\/","og_site_name":"Ferreter\u00eda Vert","article_modified_time":"2024-03-25T15:29:47+00:00","twitter_card":"summary_large_image","twitter_misc":{"Tiempo de lectura":"7 minutos"},"schema":{"@context":"https:\/\/schema.org","@graph":[{"@type":"WebPage","@id":"https:\/\/ferreteriavert.es\/es\/politica-de-cookies\/","url":"https:\/\/ferreteriavert.es\/es\/politica-de-cookies\/","name":"Pol\u00edtica de cookies - Ferreter\u00eda Vert","isPartOf":{"@id":"https:\/\/ferreteriavert.es\/es\/#website"},"datePublished":"2023-03-06T11:16:42+00:00","dateModified":"2024-03-25T15:29:47+00:00","breadcrumb":{"@id":"https:\/\/ferreteriavert.es\/es\/politica-de-cookies\/#breadcrumb"},"inLanguage":"es","potentialAction":[{"@type":"ReadAction","target":["https:\/\/ferreteriavert.es\/es\/politica-de-cookies\/"]}]},{"@type":"BreadcrumbList","@id":"https:\/\/ferreteriavert.es\/es\/politica-de-cookies\/#breadcrumb","itemListElement":[{"@type":"ListItem","position":1,"name":"Portada","item":"https:\/\/ferreteriavert.es\/es\/inicio\/"},{"@type":"ListItem","position":2,"name":"Pol\u00edtica de cookies"}]},{"@type":"WebSite","@id":"https:\/\/ferreteriavert.es\/es\/#website","url":"https:\/\/ferreteriavert.es\/es\/","name":"Ferreter\u00eda Vert","description":"Herramientas y maquinaria en Barcelona","publisher":{"@id":"https:\/\/ferreteriavert.es\/es\/#organization"},"potentialAction":[{"@type":"SearchAction","target":{"@type":"EntryPoint","urlTemplate":"https:\/\/ferreteriavert.es\/es\/?s={search_term_string}"},"query-input":{"@type":"PropertyValueSpecification","valueRequired":true,"valueName":"search_term_string"}}],"inLanguage":"es"},{"@type":"Organization","@id":"https:\/\/ferreteriavert.es\/es\/#organization","name":"Ferreter\u00eda Vert","alternateName":"Vert","url":"https:\/\/ferreteriavert.es\/es\/","logo":{"@type":"ImageObject","inLanguage":"es","@id":"https:\/\/ferreteriavert.es\/es\/#\/schema\/logo\/image\/","url":"https:\/\/ferreteriavert.es\/wp-content\/uploads\/2023\/03\/cropped-favicon-1.png","contentUrl":"https:\/\/ferreteriavert.es\/wp-content\/uploads\/2023\/03\/cropped-favicon-1.png","width":512,"height":512,"caption":"Ferreter\u00eda Vert"},"image":{"@id":"https:\/\/ferreteriavert.es\/es\/#\/schema\/logo\/image\/"},"sameAs":["https:\/\/www.instagram.com\/ferreteriavert\/"]}]}},"_links":{"self":[{"href":"https:\/\/ferreteriavert.es\/es\/wp-json\/wp\/v2\/pages\/1651","targetHints":{"allow":["GET"]}}],"collection":[{"href":"https:\/\/ferreteriavert.es\/es\/wp-json\/wp\/v2\/pages"}],"about":[{"href":"https:\/\/ferreteriavert.es\/es\/wp-json\/wp\/v2\/types\/page"}],"author":[{"embeddable":true,"href":"https:\/\/ferreteriavert.es\/es\/wp-json\/wp\/v2\/users\/1"}],"replies":[{"embeddable":true,"href":"https:\/\/ferreteriavert.es\/es\/wp-json\/wp\/v2\/comments?post=1651"}],"version-history":[{"count":2,"href":"https:\/\/ferreteriavert.es\/es\/wp-json\/wp\/v2\/pages\/1651\/revisions"}],"predecessor-version":[{"id":1653,"href":"https:\/\/ferreteriavert.es\/es\/wp-json\/wp\/v2\/pages\/1651\/revisions\/1653"}],"wp:attachment":[{"href":"https:\/\/ferreteriavert.es\/es\/wp-json\/wp\/v2\/media?parent=1651"}],"curies":[{"name":"wp","href":"https:\/\/api.w.org\/{rel}","templated":true}]}}